{"id":4812,"date":"2024-04-30T09:40:06","date_gmt":"2024-04-30T09:40:06","guid":{"rendered":"https:\/\/www.blue-ports.eu\/?page_id=4812"},"modified":"2024-09-17T13:45:02","modified_gmt":"2024-09-17T13:45:02","slug":"contact","status":"publish","type":"page","link":"https:\/\/www.blue-ports.eu\/es\/contact\/","title":{"rendered":"Contacto"},"content":{"rendered":"<style type=\"text\/css\"> \n#cmsms_row_69e1f43c8034a .cmsms_row_outer_parent { \n\tpadding-top: 0px; \n} \n\n#cmsms_row_69e1f43c8034a .cmsms_row_outer_parent { \n\tpadding-bottom: 50px; \n} \n\n \n#cmsms_row_69e1f43c806b6 .cmsms_row_outer_parent { \n\tpadding-top: 0px; \n} \n\n#cmsms_row_69e1f43c806b6 .cmsms_row_outer_parent { \n\tpadding-bottom: 50px; \n} \n\n \n#cmsms_heading_69e1f43c80829, #cmsms_heading_69e1f43c80829 a { \n\ttext-align:center; \n\tfont-weight:400; \n\tfont-style:normal; \n\tmargin-top:0px; \n\tmargin-bottom:20px; \n} \n \n#cmsms_row_69e1f43c8087a .cmsms_row_outer_parent { \n\tpadding-top: 0px; \n} \n\n#cmsms_row_69e1f43c8087a .cmsms_row_outer_parent { \n\tpadding-bottom: 50px; \n} \n\n \n#cmsms_row_69e1f43c821a9 .cmsms_row_outer_parent { \n\tpadding-top: 0px; \n} \n\n#cmsms_row_69e1f43c821a9 .cmsms_row_outer_parent { \n\tpadding-bottom: 50px; \n} \n\n<\/style><div id=\"cmsms_row_69e1f43c8034a\" class=\"cmsms_row cmsms_color_scheme_default\">\n<div class=\"cmsms_row_outer_parent\">\n<div class=\"cmsms_row_outer\">\n<div class=\"cmsms_row_inner\">\n<div class=\"cmsms_row_margin\">\n<div class=\"cmsms_column one_first\">\n<\/div>\n<\/div>\n<\/div>\n<\/div>\n<\/div>\n<\/div>\n<div id=\"cmsms_row_69e1f43c806b6\" class=\"cmsms_row cmsms_color_scheme_default\">\n<div class=\"cmsms_row_outer_parent\">\n<div class=\"cmsms_row_outer\">\n<div class=\"cmsms_row_inner\">\n<div class=\"cmsms_row_margin\">\n<div class=\"cmsms_column one_first\">\n<h1 id=\"cmsms_heading_69e1f43c80829\" class=\"cmsms_heading\">P\u00f3ngase en contacto con nosotros<\/h1>\n<\/div>\n<\/div>\n<\/div>\n<\/div>\n<\/div>\n<\/div>\n<div id=\"cmsms_row_69e1f43c8087a\" class=\"cmsms_row cmsms_color_scheme_default\">\n<div class=\"cmsms_row_outer_parent\">\n<div class=\"cmsms_row_outer\">\n<div class=\"cmsms_row_inner\">\n<div class=\"cmsms_row_margin\">\n<div class=\"cmsms_column one_first\">\n<div class=\"cmsms_text\">\n<p>Para m\u00e1s informaci\u00f3n, p\u00f3ngase en contacto con el coordinador del proyecto:<\/p>\n<\/div>\n<div class=\"cmsms_img  cmsms_image_n\">\n<img decoding=\"async\" src=\"https:\/\/www.blue-ports.eu\/wp-content\/uploads\/2024\/04\/TUC_logo-new_English-300x120.jpg\" \/>\n<\/div>\n<div class=\"cmsms_text\">\n<p>P\u00e1gina web: <a href=\"http:\/\/www.resel.tuc.gr\" target=\"_blank\" rel=\"noopener\">www.resel.tuc.gr<\/a><\/p>\n<p>Correo electr\u00f3nico: <a href=\"mailto:info@blue-ports.eu\">info@blue-ports.eu<\/a><\/p>\n<\/div>\n<\/div>\n<\/div>\n<\/div>\n<\/div>\n<\/div>\n<\/div>\n<div id=\"cmsms_row_69e1f43c821a9\" class=\"cmsms_row cmsms_color_scheme_default\">\n<div class=\"cmsms_row_outer_parent\">\n<div class=\"cmsms_row_outer\">\n<div class=\"cmsms_row_inner\">\n<div class=\"cmsms_row_margin\">\n<div class=\"cmsms_column one_first\">\n<div class=\"cmsms_contact_form\">\n<div class=\"wpcf7 no-js\" id=\"wpcf7-f5211-o1\" lang=\"es-ES\" dir=\"ltr\" data-wpcf7-id=\"5211\">\n<div class=\"screen-reader-response\"><p role=\"status\" aria-live=\"polite\" aria-atomic=\"true\"><\/p> <ul><\/ul><\/div>\n<form action=\"\/es\/wp-json\/wp\/v2\/pages\/4812#wpcf7-f5211-o1\" method=\"post\" class=\"wpcf7-form init\" aria-label=\"Formulario de contacto\" novalidate=\"novalidate\" data-status=\"init\">\n<fieldset class=\"hidden-fields-container\"><input type=\"hidden\" name=\"_wpcf7\" value=\"5211\" \/><input type=\"hidden\" name=\"_wpcf7_version\" value=\"6.1.5\" \/><input type=\"hidden\" name=\"_wpcf7_locale\" value=\"es_ES\" \/><input type=\"hidden\" name=\"_wpcf7_unit_tag\" value=\"wpcf7-f5211-o1\" \/><input type=\"hidden\" name=\"_wpcf7_container_post\" value=\"0\" \/><input type=\"hidden\" name=\"_wpcf7_posted_data_hash\" value=\"\" \/><input type=\"hidden\" name=\"_wpcf7cf_hidden_group_fields\" value=\"[]\" \/><input type=\"hidden\" name=\"_wpcf7cf_hidden_groups\" value=\"[]\" \/><input type=\"hidden\" name=\"_wpcf7cf_visible_groups\" value=\"[]\" \/><input type=\"hidden\" name=\"_wpcf7cf_repeaters\" value=\"[]\" \/><input type=\"hidden\" name=\"_wpcf7cf_steps\" value=\"{}\" \/><input type=\"hidden\" name=\"_wpcf7cf_options\" value=\"{&quot;form_id&quot;:5211,&quot;conditions&quot;:[],&quot;settings&quot;:{&quot;animation&quot;:&quot;yes&quot;,&quot;animation_intime&quot;:200,&quot;animation_outtime&quot;:200,&quot;conditions_ui&quot;:&quot;normal&quot;,&quot;notice_dismissed&quot;:false,&quot;notice_dismissed_rollback-cf7-5.9.5&quot;:true,&quot;notice_dismissed_rollback-cf7-5.9.6&quot;:true}}\" \/>\n<\/fieldset>\n<div class=\"contact-form\">\n\t<div class=\"form-group\">\n\t\t<p><span class=\"wpcf7-form-control-wrap\" data-name=\"your-name\"><input size=\"40\" maxlength=\"400\" class=\"wpcf7-form-control wpcf7-text wpcf7-validates-as-required\" aria-required=\"true\" aria-invalid=\"false\" placeholder=\"Nombre*\" value=\"\" type=\"text\" name=\"your-name\" \/><\/span>\n\t\t<\/p>\n\t<\/div>\n\t<div class=\"form-group\">\n\t\t<p><span class=\"wpcf7-form-control-wrap\" data-name=\"your-surname\"><input size=\"40\" maxlength=\"400\" class=\"wpcf7-form-control wpcf7-text wpcf7-validates-as-required\" aria-required=\"true\" aria-invalid=\"false\" placeholder=\"Apellido*\" value=\"\" type=\"text\" name=\"your-surname\" \/><\/span>\n\t\t<\/p>\n\t<\/div>\n\t<div class=\"form-group\">\n\t\t<p><span class=\"wpcf7-form-control-wrap\" data-name=\"your-email\"><input size=\"40\" maxlength=\"400\" class=\"wpcf7-form-control wpcf7-email wpcf7-validates-as-required wpcf7-text wpcf7-validates-as-email\" aria-required=\"true\" aria-invalid=\"false\" placeholder=\"Correo electr\u00f3nico*\" value=\"\" type=\"email\" name=\"your-email\" \/><\/span>\n\t\t<\/p>\n\t<\/div>\n\t<div class=\"form-group\">\n\t\t<p><span class=\"wpcf7-form-control-wrap\" data-name=\"country\"><input size=\"40\" maxlength=\"400\" class=\"wpcf7-form-control wpcf7-text wpcf7-validates-as-required\" aria-required=\"true\" aria-invalid=\"false\" placeholder=\"Pa\u00eds*\" value=\"\" type=\"text\" name=\"country\" \/><\/span>\n\t\t<\/p>\n\t<\/div>\n\t<div class=\"form-group\">\n\t\t<p><span class=\"wpcf7-form-control-wrap\" data-name=\"entity\"><input size=\"40\" maxlength=\"400\" class=\"wpcf7-form-control wpcf7-text\" aria-invalid=\"false\" placeholder=\"Entidad\/Organizaci\u00f3n\" value=\"\" type=\"text\" name=\"entity\" \/><\/span>\n\t\t<\/p>\n\t<\/div>\n\t<p><label for=\"profile-menu\">Yo soy:*<\/label><br \/>\n<span class=\"wpcf7-form-control-wrap\" data-name=\"profile-menu\"><select class=\"wpcf7-form-control wpcf7-select wpcf7-validates-as-required\" aria-required=\"true\" aria-invalid=\"false\" name=\"profile-menu\"><option value=\"\">&#8212;Por favor, elige una opci\u00f3n&#8212;<\/option><option value=\"Empleado portuario\">Empleado portuario<\/option><option value=\"Autoridad portuaria\">Autoridad portuaria<\/option><option value=\"Operador portuario\">Operador portuario<\/option><option value=\"Usuario portuario (naviera, empresa de log\u00edstica, etc.)\">Usuario portuario (naviera, empresa de log\u00edstica, etc.)<\/option><option value=\"Universidad\/Investigaci\u00f3n\">Universidad\/Investigaci\u00f3n<\/option><option value=\"Autoridad local\/regional\">Autoridad local\/regional<\/option><option value=\"Otros, por favor especifique\">Otros, por favor especifique<\/option><\/select><\/span>\n\t<\/p>\n\t<p><span class=\"wpcf7-form-control-wrap\" data-name=\"text-profile-menu-input\"><input size=\"40\" maxlength=\"400\" class=\"wpcf7-form-control wpcf7-text\" aria-invalid=\"false\" placeholder=\"Otro (Opcional)\" value=\"\" type=\"text\" name=\"text-profile-menu-input\" \/><\/span>\n\t<\/p>\n\t<p><label for=\"interest-menu\">Estoy interesado en:*<\/label>\n\t<\/p>\n\t<p><span class=\"wpcf7-form-control-wrap\" data-name=\"interest-menu\"><select class=\"wpcf7-form-control wpcf7-select wpcf7-validates-as-required\" aria-required=\"true\" aria-invalid=\"false\" name=\"interest-menu\"><option value=\"\">&#8212;Por favor, elige una opci\u00f3n&#8212;<\/option><option value=\"Unirme a la red BLUE PORTS\">Unirme a la red BLUE PORTS<\/option><option value=\"Estar informado sobre las noticias y eventos de BLUE PORTS\">Estar informado sobre las noticias y eventos de BLUE PORTS<\/option><option value=\"Asistir a los cursos de formaci\u00f3n\">Asistir a los cursos de formaci\u00f3n<\/option><option value=\"Obtener m\u00e1s informaci\u00f3n sobre el programa BLUE PORTS\">Obtener m\u00e1s informaci\u00f3n sobre el programa BLUE PORTS<\/option><option value=\"Otros\">Otros<\/option><\/select><\/span>\n\t<\/p>\n\t<p><span class=\"wpcf7-form-control-wrap\" data-name=\"text-input-interest\"><input size=\"40\" maxlength=\"400\" class=\"wpcf7-form-control wpcf7-text\" aria-invalid=\"false\" placeholder=\"Otro (Opcional)\" value=\"\" type=\"text\" name=\"text-input-interest\" \/><\/span>\n\t<\/p>\n\t<p><span class=\"wpcf7-form-control-wrap\" data-name=\"your-message\"><textarea cols=\"40\" rows=\"10\" maxlength=\"2000\" class=\"wpcf7-form-control wpcf7-textarea\" aria-invalid=\"false\" placeholder=\"Mensaje\" name=\"your-message\"><\/textarea><\/span>\n\t<\/p>\n\t<p><span class=\"wpcf7-form-control-wrap\" data-name=\"your-acceptance\"><span class=\"wpcf7-form-control wpcf7-acceptance\"><span class=\"wpcf7-list-item\"><label><input type=\"checkbox\" name=\"your-acceptance\" value=\"1\" aria-invalid=\"false\" \/><span class=\"wpcf7-list-item-label\">Al enviar este formulario, doy mi consentimiento para ser contactado por BLUE PORTS y estoy de acuerdo con la Pol\u00edtica de Privacidad <a href=\"\/privacy-policy\" target=\"_blank\">Privacy Policy<\/a><\/span><\/label><\/span><\/span><\/span>\n\t<\/p>\n\t<p><input class=\"wpcf7-form-control wpcf7-submit has-spinner\" type=\"submit\" value=\"Enviar\" \/>\n\t<\/p>\n<\/div><div class=\"wpcf7-response-output\" aria-hidden=\"true\"><\/div>\n<\/form>\n<\/div>\n<\/div>\n<\/div>\n<\/div>\n<\/div>\n<\/div>\n<\/div>\n<\/div>\n\n","protected":false},"excerpt":{"rendered":"","protected":false},"author":15,"featured_media":0,"parent":0,"menu_order":0,"comment_status":"closed","ping_status":"closed","template":"","meta":{"_acf_changed":false,"inline_featured_image":false,"footnotes":""},"class_list":["post-4812","page","type-page","status-publish","hentry"],"acf":[],"yoast_head":"<!-- This site is optimized with the Yoast SEO plugin v27.4 - https:\/\/yoast.com\/product\/yoast-seo-wordpress\/ -->\n<title>Contacto - BLUE PORTS<\/title>\n<meta name=\"robots\" content=\"index, follow, max-snippet:-1, max-image-preview:large, max-video-preview:-1\" \/>\n<link rel=\"canonical\" href=\"https:\/\/www.blue-ports.eu\/es\/contact\/\" \/>\n<meta property=\"og:locale\" content=\"es_ES\" \/>\n<meta property=\"og:type\" content=\"article\" \/>\n<meta property=\"og:title\" content=\"Contacto - BLUE PORTS\" \/>\n<meta property=\"og:url\" content=\"https:\/\/www.blue-ports.eu\/es\/contact\/\" \/>\n<meta property=\"og:site_name\" content=\"BLUE PORTS\" \/>\n<meta property=\"article:modified_time\" content=\"2024-09-17T13:45:02+00:00\" \/>\n<meta name=\"twitter:card\" content=\"summary_large_image\" \/>\n<meta name=\"twitter:label1\" content=\"Tiempo de lectura\" \/>\n\t<meta name=\"twitter:data1\" content=\"1 minuto\" \/>\n<script type=\"application\/ld+json\" class=\"yoast-schema-graph\">{\"@context\":\"https:\\\/\\\/schema.org\",\"@graph\":[{\"@type\":\"WebPage\",\"@id\":\"https:\\\/\\\/www.blue-ports.eu\\\/es\\\/contact\\\/\",\"url\":\"https:\\\/\\\/www.blue-ports.eu\\\/es\\\/contact\\\/\",\"name\":\"Contacto - BLUE PORTS\",\"isPartOf\":{\"@id\":\"https:\\\/\\\/www.blue-ports.eu\\\/#website\"},\"datePublished\":\"2024-04-30T09:40:06+00:00\",\"dateModified\":\"2024-09-17T13:45:02+00:00\",\"breadcrumb\":{\"@id\":\"https:\\\/\\\/www.blue-ports.eu\\\/es\\\/contact\\\/#breadcrumb\"},\"inLanguage\":\"es\",\"potentialAction\":[{\"@type\":\"ReadAction\",\"target\":[\"https:\\\/\\\/www.blue-ports.eu\\\/es\\\/contact\\\/\"]}]},{\"@type\":\"BreadcrumbList\",\"@id\":\"https:\\\/\\\/www.blue-ports.eu\\\/es\\\/contact\\\/#breadcrumb\",\"itemListElement\":[{\"@type\":\"ListItem\",\"position\":1,\"name\":\"Home\",\"item\":\"https:\\\/\\\/www.blue-ports.eu\\\/es\\\/\"},{\"@type\":\"ListItem\",\"position\":2,\"name\":\"Contacto\"}]},{\"@type\":\"WebSite\",\"@id\":\"https:\\\/\\\/www.blue-ports.eu\\\/#website\",\"url\":\"https:\\\/\\\/www.blue-ports.eu\\\/\",\"name\":\"BLUE PORTS\",\"description\":\"\",\"publisher\":{\"@id\":\"https:\\\/\\\/www.blue-ports.eu\\\/#organization\"},\"potentialAction\":[{\"@type\":\"SearchAction\",\"target\":{\"@type\":\"EntryPoint\",\"urlTemplate\":\"https:\\\/\\\/www.blue-ports.eu\\\/?s={search_term_string}\"},\"query-input\":{\"@type\":\"PropertyValueSpecification\",\"valueRequired\":true,\"valueName\":\"search_term_string\"}}],\"inLanguage\":\"es\"},{\"@type\":\"Organization\",\"@id\":\"https:\\\/\\\/www.blue-ports.eu\\\/#organization\",\"name\":\"BLUE PORTS\",\"url\":\"https:\\\/\\\/www.blue-ports.eu\\\/\",\"logo\":{\"@type\":\"ImageObject\",\"inLanguage\":\"es\",\"@id\":\"https:\\\/\\\/www.blue-ports.eu\\\/#\\\/schema\\\/logo\\\/image\\\/\",\"url\":\"https:\\\/\\\/www.blue-ports.eu\\\/wp-content\\\/uploads\\\/2024\\\/04\\\/BLUE-PORTS_LOGO_keppel-white-background.png\",\"contentUrl\":\"https:\\\/\\\/www.blue-ports.eu\\\/wp-content\\\/uploads\\\/2024\\\/04\\\/BLUE-PORTS_LOGO_keppel-white-background.png\",\"width\":2000,\"height\":2000,\"caption\":\"BLUE PORTS\"},\"image\":{\"@id\":\"https:\\\/\\\/www.blue-ports.eu\\\/#\\\/schema\\\/logo\\\/image\\\/\"}}]}<\/script>\n<!-- \/ Yoast SEO plugin. -->","yoast_head_json":{"title":"Contacto - BLUE PORTS","robots":{"index":"index","follow":"follow","max-snippet":"max-snippet:-1","max-image-preview":"max-image-preview:large","max-video-preview":"max-video-preview:-1"},"canonical":"https:\/\/www.blue-ports.eu\/es\/contact\/","og_locale":"es_ES","og_type":"article","og_title":"Contacto - BLUE PORTS","og_url":"https:\/\/www.blue-ports.eu\/es\/contact\/","og_site_name":"BLUE PORTS","article_modified_time":"2024-09-17T13:45:02+00:00","twitter_card":"summary_large_image","twitter_misc":{"Tiempo de lectura":"1 minuto"},"schema":{"@context":"https:\/\/schema.org","@graph":[{"@type":"WebPage","@id":"https:\/\/www.blue-ports.eu\/es\/contact\/","url":"https:\/\/www.blue-ports.eu\/es\/contact\/","name":"Contacto - BLUE PORTS","isPartOf":{"@id":"https:\/\/www.blue-ports.eu\/#website"},"datePublished":"2024-04-30T09:40:06+00:00","dateModified":"2024-09-17T13:45:02+00:00","breadcrumb":{"@id":"https:\/\/www.blue-ports.eu\/es\/contact\/#breadcrumb"},"inLanguage":"es","potentialAction":[{"@type":"ReadAction","target":["https:\/\/www.blue-ports.eu\/es\/contact\/"]}]},{"@type":"BreadcrumbList","@id":"https:\/\/www.blue-ports.eu\/es\/contact\/#breadcrumb","itemListElement":[{"@type":"ListItem","position":1,"name":"Home","item":"https:\/\/www.blue-ports.eu\/es\/"},{"@type":"ListItem","position":2,"name":"Contacto"}]},{"@type":"WebSite","@id":"https:\/\/www.blue-ports.eu\/#website","url":"https:\/\/www.blue-ports.eu\/","name":"BLUE PORTS","description":"","publisher":{"@id":"https:\/\/www.blue-ports.eu\/#organization"},"potentialAction":[{"@type":"SearchAction","target":{"@type":"EntryPoint","urlTemplate":"https:\/\/www.blue-ports.eu\/?s={search_term_string}"},"query-input":{"@type":"PropertyValueSpecification","valueRequired":true,"valueName":"search_term_string"}}],"inLanguage":"es"},{"@type":"Organization","@id":"https:\/\/www.blue-ports.eu\/#organization","name":"BLUE PORTS","url":"https:\/\/www.blue-ports.eu\/","logo":{"@type":"ImageObject","inLanguage":"es","@id":"https:\/\/www.blue-ports.eu\/#\/schema\/logo\/image\/","url":"https:\/\/www.blue-ports.eu\/wp-content\/uploads\/2024\/04\/BLUE-PORTS_LOGO_keppel-white-background.png","contentUrl":"https:\/\/www.blue-ports.eu\/wp-content\/uploads\/2024\/04\/BLUE-PORTS_LOGO_keppel-white-background.png","width":2000,"height":2000,"caption":"BLUE PORTS"},"image":{"@id":"https:\/\/www.blue-ports.eu\/#\/schema\/logo\/image\/"}}]}},"_links":{"self":[{"href":"https:\/\/www.blue-ports.eu\/es\/wp-json\/wp\/v2\/pages\/4812","targetHints":{"allow":["GET"]}}],"collection":[{"href":"https:\/\/www.blue-ports.eu\/es\/wp-json\/wp\/v2\/pages"}],"about":[{"href":"https:\/\/www.blue-ports.eu\/es\/wp-json\/wp\/v2\/types\/page"}],"author":[{"embeddable":true,"href":"https:\/\/www.blue-ports.eu\/es\/wp-json\/wp\/v2\/users\/15"}],"replies":[{"embeddable":true,"href":"https:\/\/www.blue-ports.eu\/es\/wp-json\/wp\/v2\/comments?post=4812"}],"version-history":[{"count":7,"href":"https:\/\/www.blue-ports.eu\/es\/wp-json\/wp\/v2\/pages\/4812\/revisions"}],"predecessor-version":[{"id":5371,"href":"https:\/\/www.blue-ports.eu\/es\/wp-json\/wp\/v2\/pages\/4812\/revisions\/5371"}],"wp:attachment":[{"href":"https:\/\/www.blue-ports.eu\/es\/wp-json\/wp\/v2\/media?parent=4812"}],"curies":[{"name":"wp","href":"https:\/\/api.w.org\/{rel}","templated":true}]}}