{"id":4815,"date":"2024-04-30T09:53:17","date_gmt":"2024-04-30T09:53:17","guid":{"rendered":"https:\/\/www.blue-ports.eu\/?page_id=4815"},"modified":"2024-09-17T13:32:02","modified_gmt":"2024-09-17T13:32:02","slug":"join-the-blue-ports-network","status":"publish","type":"page","link":"https:\/\/www.blue-ports.eu\/es\/join-the-blue-ports-network\/","title":{"rendered":"\u00danete a la red de BLUE PORTS"},"content":{"rendered":"<style type=\"text\/css\"> \n#cmsms_row_69f8b7ae17a27 .cmsms_row_outer_parent { \n\tpadding-top: 0px; \n} \n\n#cmsms_row_69f8b7ae17a27 .cmsms_row_outer_parent { \n\tpadding-bottom: 50px; \n} \n\n \n#cmsms_row_69f8b7ae17c4a .cmsms_row_outer_parent { \n\tpadding-top: 0px; \n} \n\n#cmsms_row_69f8b7ae17c4a .cmsms_row_outer_parent { \n\tpadding-bottom: 50px; \n} \n\n \n#cmsms_heading_69f8b7ae17d36, #cmsms_heading_69f8b7ae17d36 a { \n\ttext-align:center; \n\tfont-weight:400; \n\tfont-style:normal; \n\tmargin-top:0px; \n\tmargin-bottom:20px; \n} \n \n#cmsms_row_69f8b7ae17d68 .cmsms_row_outer_parent { \n\tpadding-top: 0px; \n} \n\n#cmsms_row_69f8b7ae17d68 .cmsms_row_outer_parent { \n\tpadding-bottom: 50px; \n} \n\n<\/style><div id=\"cmsms_row_69f8b7ae17a27\" class=\"cmsms_row cmsms_color_scheme_default\">\n<div class=\"cmsms_row_outer_parent\">\n<div class=\"cmsms_row_outer\">\n<div class=\"cmsms_row_inner\">\n<div class=\"cmsms_row_margin\">\n<div class=\"cmsms_column one_first\">\n<\/div>\n<\/div>\n<\/div>\n<\/div>\n<\/div>\n<\/div>\n<div id=\"cmsms_row_69f8b7ae17c4a\" class=\"cmsms_row cmsms_color_scheme_default\">\n<div class=\"cmsms_row_outer_parent\">\n<div class=\"cmsms_row_outer\">\n<div class=\"cmsms_row_inner\">\n<div class=\"cmsms_row_margin\">\n<div class=\"cmsms_column one_first\">\n<h1 id=\"cmsms_heading_69f8b7ae17d36\" class=\"cmsms_heading\">\u00danete a la red de BLUE PORTS<\/h1>\n<\/div>\n<\/div>\n<\/div>\n<\/div>\n<\/div>\n<\/div>\n<div id=\"cmsms_row_69f8b7ae17d68\" class=\"cmsms_row cmsms_color_scheme_default\">\n<div class=\"cmsms_row_outer_parent\">\n<div class=\"cmsms_row_outer\">\n<div class=\"cmsms_row_inner\">\n<div class=\"cmsms_row_margin\">\n<div class=\"cmsms_column one_first\">\n<div class=\"cmsms_text\">\n<p>\u00bfEst\u00e1 interesado en unirte a la red BLUE PORTS, mantenerte informado sobre futuros eventos y formaciones BLUE PORTS y\/o saber m\u00e1s sobre la certificaci\u00f3n BLUE PORTS? Si es as\u00ed, rellena el <a href=\"https:\/\/www.blue-ports.eu\/es\/join-the-blue-ports-network\/\">formulario<\/a> de contacto.<\/p>\n<\/div>\n<\/div>\n<\/div>\n<\/div>\n<\/div>\n<\/div>\n<\/div>\n\n","protected":false},"excerpt":{"rendered":"","protected":false},"author":15,"featured_media":0,"parent":0,"menu_order":0,"comment_status":"closed","ping_status":"closed","template":"","meta":{"_acf_changed":false,"inline_featured_image":false,"footnotes":""},"class_list":["post-4815","page","type-page","status-publish","hentry"],"acf":[],"yoast_head":"<!-- This site is optimized with the Yoast SEO plugin v27.5 - https:\/\/yoast.com\/product\/yoast-seo-wordpress\/ -->\n<title>\u00danete a la red de BLUE PORTS - BLUE PORTS<\/title>\n<meta name=\"robots\" content=\"index, follow, max-snippet:-1, max-image-preview:large, max-video-preview:-1\" \/>\n<link rel=\"canonical\" href=\"https:\/\/www.blue-ports.eu\/es\/join-the-blue-ports-network\/\" \/>\n<meta property=\"og:locale\" content=\"es_ES\" \/>\n<meta property=\"og:type\" content=\"article\" \/>\n<meta property=\"og:title\" content=\"\u00danete a la red de BLUE PORTS - BLUE PORTS\" \/>\n<meta property=\"og:url\" content=\"https:\/\/www.blue-ports.eu\/es\/join-the-blue-ports-network\/\" \/>\n<meta property=\"og:site_name\" content=\"BLUE PORTS\" \/>\n<meta property=\"article:modified_time\" content=\"2024-09-17T13:32:02+00:00\" \/>\n<meta name=\"twitter:card\" content=\"summary_large_image\" \/>\n<meta name=\"twitter:label1\" content=\"Tiempo de lectura\" \/>\n\t<meta name=\"twitter:data1\" content=\"1 minuto\" \/>\n<script type=\"application\/ld+json\" class=\"yoast-schema-graph\">{\"@context\":\"https:\\\/\\\/schema.org\",\"@graph\":[{\"@type\":\"WebPage\",\"@id\":\"https:\\\/\\\/www.blue-ports.eu\\\/es\\\/join-the-blue-ports-network\\\/\",\"url\":\"https:\\\/\\\/www.blue-ports.eu\\\/es\\\/join-the-blue-ports-network\\\/\",\"name\":\"\u00danete a la red de BLUE PORTS - BLUE PORTS\",\"isPartOf\":{\"@id\":\"https:\\\/\\\/www.blue-ports.eu\\\/#website\"},\"datePublished\":\"2024-04-30T09:53:17+00:00\",\"dateModified\":\"2024-09-17T13:32:02+00:00\",\"breadcrumb\":{\"@id\":\"https:\\\/\\\/www.blue-ports.eu\\\/es\\\/join-the-blue-ports-network\\\/#breadcrumb\"},\"inLanguage\":\"es\",\"potentialAction\":[{\"@type\":\"ReadAction\",\"target\":[\"https:\\\/\\\/www.blue-ports.eu\\\/es\\\/join-the-blue-ports-network\\\/\"]}]},{\"@type\":\"BreadcrumbList\",\"@id\":\"https:\\\/\\\/www.blue-ports.eu\\\/es\\\/join-the-blue-ports-network\\\/#breadcrumb\",\"itemListElement\":[{\"@type\":\"ListItem\",\"position\":1,\"name\":\"Home\",\"item\":\"https:\\\/\\\/www.blue-ports.eu\\\/es\\\/\"},{\"@type\":\"ListItem\",\"position\":2,\"name\":\"\u00danete a la red de BLUE PORTS\"}]},{\"@type\":\"WebSite\",\"@id\":\"https:\\\/\\\/www.blue-ports.eu\\\/#website\",\"url\":\"https:\\\/\\\/www.blue-ports.eu\\\/\",\"name\":\"BLUE PORTS\",\"description\":\"\",\"publisher\":{\"@id\":\"https:\\\/\\\/www.blue-ports.eu\\\/#organization\"},\"potentialAction\":[{\"@type\":\"SearchAction\",\"target\":{\"@type\":\"EntryPoint\",\"urlTemplate\":\"https:\\\/\\\/www.blue-ports.eu\\\/?s={search_term_string}\"},\"query-input\":{\"@type\":\"PropertyValueSpecification\",\"valueRequired\":true,\"valueName\":\"search_term_string\"}}],\"inLanguage\":\"es\"},{\"@type\":\"Organization\",\"@id\":\"https:\\\/\\\/www.blue-ports.eu\\\/#organization\",\"name\":\"BLUE PORTS\",\"url\":\"https:\\\/\\\/www.blue-ports.eu\\\/\",\"logo\":{\"@type\":\"ImageObject\",\"inLanguage\":\"es\",\"@id\":\"https:\\\/\\\/www.blue-ports.eu\\\/#\\\/schema\\\/logo\\\/image\\\/\",\"url\":\"https:\\\/\\\/www.blue-ports.eu\\\/wp-content\\\/uploads\\\/2024\\\/04\\\/BLUE-PORTS_LOGO_keppel-white-background.png\",\"contentUrl\":\"https:\\\/\\\/www.blue-ports.eu\\\/wp-content\\\/uploads\\\/2024\\\/04\\\/BLUE-PORTS_LOGO_keppel-white-background.png\",\"width\":2000,\"height\":2000,\"caption\":\"BLUE PORTS\"},\"image\":{\"@id\":\"https:\\\/\\\/www.blue-ports.eu\\\/#\\\/schema\\\/logo\\\/image\\\/\"}}]}<\/script>\n<!-- \/ Yoast SEO plugin. -->","yoast_head_json":{"title":"\u00danete a la red de BLUE PORTS - BLUE PORTS","robots":{"index":"index","follow":"follow","max-snippet":"max-snippet:-1","max-image-preview":"max-image-preview:large","max-video-preview":"max-video-preview:-1"},"canonical":"https:\/\/www.blue-ports.eu\/es\/join-the-blue-ports-network\/","og_locale":"es_ES","og_type":"article","og_title":"\u00danete a la red de BLUE PORTS - BLUE PORTS","og_url":"https:\/\/www.blue-ports.eu\/es\/join-the-blue-ports-network\/","og_site_name":"BLUE PORTS","article_modified_time":"2024-09-17T13:32:02+00:00","twitter_card":"summary_large_image","twitter_misc":{"Tiempo de lectura":"1 minuto"},"schema":{"@context":"https:\/\/schema.org","@graph":[{"@type":"WebPage","@id":"https:\/\/www.blue-ports.eu\/es\/join-the-blue-ports-network\/","url":"https:\/\/www.blue-ports.eu\/es\/join-the-blue-ports-network\/","name":"\u00danete a la red de BLUE PORTS - BLUE PORTS","isPartOf":{"@id":"https:\/\/www.blue-ports.eu\/#website"},"datePublished":"2024-04-30T09:53:17+00:00","dateModified":"2024-09-17T13:32:02+00:00","breadcrumb":{"@id":"https:\/\/www.blue-ports.eu\/es\/join-the-blue-ports-network\/#breadcrumb"},"inLanguage":"es","potentialAction":[{"@type":"ReadAction","target":["https:\/\/www.blue-ports.eu\/es\/join-the-blue-ports-network\/"]}]},{"@type":"BreadcrumbList","@id":"https:\/\/www.blue-ports.eu\/es\/join-the-blue-ports-network\/#breadcrumb","itemListElement":[{"@type":"ListItem","position":1,"name":"Home","item":"https:\/\/www.blue-ports.eu\/es\/"},{"@type":"ListItem","position":2,"name":"\u00danete a la red de BLUE PORTS"}]},{"@type":"WebSite","@id":"https:\/\/www.blue-ports.eu\/#website","url":"https:\/\/www.blue-ports.eu\/","name":"BLUE PORTS","description":"","publisher":{"@id":"https:\/\/www.blue-ports.eu\/#organization"},"potentialAction":[{"@type":"SearchAction","target":{"@type":"EntryPoint","urlTemplate":"https:\/\/www.blue-ports.eu\/?s={search_term_string}"},"query-input":{"@type":"PropertyValueSpecification","valueRequired":true,"valueName":"search_term_string"}}],"inLanguage":"es"},{"@type":"Organization","@id":"https:\/\/www.blue-ports.eu\/#organization","name":"BLUE PORTS","url":"https:\/\/www.blue-ports.eu\/","logo":{"@type":"ImageObject","inLanguage":"es","@id":"https:\/\/www.blue-ports.eu\/#\/schema\/logo\/image\/","url":"https:\/\/www.blue-ports.eu\/wp-content\/uploads\/2024\/04\/BLUE-PORTS_LOGO_keppel-white-background.png","contentUrl":"https:\/\/www.blue-ports.eu\/wp-content\/uploads\/2024\/04\/BLUE-PORTS_LOGO_keppel-white-background.png","width":2000,"height":2000,"caption":"BLUE PORTS"},"image":{"@id":"https:\/\/www.blue-ports.eu\/#\/schema\/logo\/image\/"}}]}},"_links":{"self":[{"href":"https:\/\/www.blue-ports.eu\/es\/wp-json\/wp\/v2\/pages\/4815","targetHints":{"allow":["GET"]}}],"collection":[{"href":"https:\/\/www.blue-ports.eu\/es\/wp-json\/wp\/v2\/pages"}],"about":[{"href":"https:\/\/www.blue-ports.eu\/es\/wp-json\/wp\/v2\/types\/page"}],"author":[{"embeddable":true,"href":"https:\/\/www.blue-ports.eu\/es\/wp-json\/wp\/v2\/users\/15"}],"replies":[{"embeddable":true,"href":"https:\/\/www.blue-ports.eu\/es\/wp-json\/wp\/v2\/comments?post=4815"}],"version-history":[{"count":4,"href":"https:\/\/www.blue-ports.eu\/es\/wp-json\/wp\/v2\/pages\/4815\/revisions"}],"predecessor-version":[{"id":5365,"href":"https:\/\/www.blue-ports.eu\/es\/wp-json\/wp\/v2\/pages\/4815\/revisions\/5365"}],"wp:attachment":[{"href":"https:\/\/www.blue-ports.eu\/es\/wp-json\/wp\/v2\/media?parent=4815"}],"curies":[{"name":"wp","href":"https:\/\/api.w.org\/{rel}","templated":true}]}}