{"id":4847,"date":"2014-07-22T14:48:57","date_gmt":"2014-07-22T14:48:57","guid":{"rendered":"https:\/\/www.blue-ports.eu\/?page_id=4847"},"modified":"2026-01-28T15:44:03","modified_gmt":"2026-01-28T15:44:03","slug":"why-to-certify","status":"publish","type":"page","link":"https:\/\/www.blue-ports.eu\/es\/why-to-certify\/","title":{"rendered":"\u00bfPor qu\u00e9 certificar?"},"content":{"rendered":"<style type=\"text\/css\"> \n#cmsms_row_69e76161e877b .cmsms_row_outer_parent { \n\tpadding-top: 0px; \n} \n\n#cmsms_row_69e76161e877b .cmsms_row_outer_parent { \n\tpadding-bottom: 50px; \n} \n\n \n#cmsms_heading_69e76161e8864, #cmsms_heading_69e76161e8864 a { \n\ttext-align:center; \n\tfont-weight:400; \n\tfont-style:normal; \n\tmargin-top:0px; \n\tmargin-bottom:20px; \n} \n \n#cmsms_row_69e76161e8894 .cmsms_row_outer_parent { \n\tpadding-top: 0px; \n} \n\n#cmsms_row_69e76161e8894 .cmsms_row_outer_parent { \n\tpadding-bottom: 50px; \n} \n\n \n#cmsms_fb_69e76161e897b { \n\tbackground-color:#4ecdc4; \n} \n\n#cmsms_fb_69e76161e897b, \n#cmsms_fb_69e76161e897b a, \n#cmsms_fb_69e76161e897b h1, \n#cmsms_fb_69e76161e897b h2, \n#cmsms_fb_69e76161e897b h3, \n#cmsms_fb_69e76161e897b h4, \n#cmsms_fb_69e76161e897b h5, \n#cmsms_fb_69e76161e897b h6 { \n\tcolor:#ffffff; \n} \n#cmsms_fb_69e76161e897b .cmsms_button:before { \n\tmargin-right:.5em; \n\tmargin-left:0; \n\tvertical-align:baseline; \n} \n\n#cmsms_fb_69e76161e897b .cmsms_button { \n\tfont-weight:100; \n\tfont-style:normal; \n\tpadding-right:20px; \n\tpadding-left:20px; \n\tcolor:#4ecdc4; \n} \n#cmsms_fb_69e76161e897b .cmsms_button:hover { \n} \n \n#cmsms_row_69e76161e89f8 .cmsms_row_outer_parent { \n\tpadding-top: 0px; \n} \n\n#cmsms_row_69e76161e89f8 .cmsms_row_outer_parent { \n\tpadding-bottom: 50px; \n} \n\n \n#cmsms_row_69e76161e8aaf .cmsms_row_outer_parent { \n\tpadding-top: 0px; \n} \n\n#cmsms_row_69e76161e8aaf .cmsms_row_outer_parent { \n\tpadding-bottom: 50px; \n} \n\n \n#cmsms_row_69e76161e8bb6 .cmsms_row_outer_parent { \n\tpadding-top: 0px; \n} \n\n#cmsms_row_69e76161e8bb6 .cmsms_row_outer_parent { \n\tpadding-bottom: 50px; \n} \n\n \n#cmsms_row_69e76161e8ca9 .cmsms_row_outer_parent { \n\tpadding-top: 0px; \n} \n\n#cmsms_row_69e76161e8ca9 .cmsms_row_outer_parent { \n\tpadding-bottom: 50px; \n} \n\n \n#cmsms_fb_69e76161e8d30 { \n\tbackground-color:#008d7f; \n} \n\n#cmsms_fb_69e76161e8d30, \n#cmsms_fb_69e76161e8d30 a, \n#cmsms_fb_69e76161e8d30 h1, \n#cmsms_fb_69e76161e8d30 h2, \n#cmsms_fb_69e76161e8d30 h3, \n#cmsms_fb_69e76161e8d30 h4, \n#cmsms_fb_69e76161e8d30 h5, \n#cmsms_fb_69e76161e8d30 h6 { \n\tcolor:#ffffff; \n} \n \n#cmsms_fb_69e76161e8dd6 { \n\tbackground-color:#0080a6; \n} \n\n#cmsms_fb_69e76161e8dd6, \n#cmsms_fb_69e76161e8dd6 a, \n#cmsms_fb_69e76161e8dd6 h1, \n#cmsms_fb_69e76161e8dd6 h2, \n#cmsms_fb_69e76161e8dd6 h3, \n#cmsms_fb_69e76161e8dd6 h4, \n#cmsms_fb_69e76161e8dd6 h5, \n#cmsms_fb_69e76161e8dd6 h6 { \n\tcolor:#ffffff; \n} \n \n#cmsms_fb_69e76161e8e80 { \n\tbackground-color:#123cc4; \n} \n\n#cmsms_fb_69e76161e8e80, \n#cmsms_fb_69e76161e8e80 a, \n#cmsms_fb_69e76161e8e80 h1, \n#cmsms_fb_69e76161e8e80 h2, \n#cmsms_fb_69e76161e8e80 h3, \n#cmsms_fb_69e76161e8e80 h4, \n#cmsms_fb_69e76161e8e80 h5, \n#cmsms_fb_69e76161e8e80 h6 { \n\tcolor:#ffffff; \n} \n \n#cmsms_row_69e76161e8edb .cmsms_row_outer_parent { \n\tpadding-top: 0px; \n} \n\n#cmsms_row_69e76161e8edb .cmsms_row_outer_parent { \n\tpadding-bottom: 50px; \n} \n\n \n#cmsms_fb_69e76161e8f3c { \n\tbackground-color:#00b8a6; \n} \n\n#cmsms_fb_69e76161e8f3c, \n#cmsms_fb_69e76161e8f3c a, \n#cmsms_fb_69e76161e8f3c h1, \n#cmsms_fb_69e76161e8f3c h2, \n#cmsms_fb_69e76161e8f3c h3, \n#cmsms_fb_69e76161e8f3c h4, \n#cmsms_fb_69e76161e8f3c h5, \n#cmsms_fb_69e76161e8f3c h6 { \n\tcolor:#ffffff; \n} \n#cmsms_fb_69e76161e8f3c .cmsms_button:before { \n\tmargin-right:.5em; \n\tmargin-left:0; \n\tvertical-align:baseline; \n} \n\n#cmsms_fb_69e76161e8f3c .cmsms_button { \n\tfont-weight:100; \n\tfont-style:normal; \n\tpadding-right:20px; \n\tpadding-left:20px; \n\tbackground-color:#ffffff; \n\tcolor:#00b8a6; \n} \n#cmsms_fb_69e76161e8f3c .cmsms_button:hover { \n} \n<\/style><div id=\"cmsms_row_69e76161e8496\" class=\"cmsms_row cmsms_color_scheme_default\">\n<div class=\"cmsms_row_outer_parent\">\n<div class=\"cmsms_row_outer\">\n<div class=\"cmsms_row_inner\">\n<div class=\"cmsms_row_margin\">\n<div class=\"cmsms_column one_first\">\n<div class=\"cmsms_text\">\n<p>&nbsp;<\/p>\n<\/div>\n<\/div>\n<\/div>\n<\/div>\n<\/div>\n<\/div>\n<\/div>\n<div id=\"cmsms_row_69e76161e877b\" class=\"cmsms_row cmsms_color_scheme_default\">\n<div class=\"cmsms_row_outer_parent\">\n<div class=\"cmsms_row_outer\">\n<div class=\"cmsms_row_inner\">\n<div class=\"cmsms_row_margin\">\n<div class=\"cmsms_column one_first\">\n<h1 id=\"cmsms_heading_69e76161e8864\" class=\"cmsms_heading\">\u00bfPor qu\u00e9 certificar?<\/h1>\n<\/div>\n<\/div>\n<\/div>\n<\/div>\n<\/div>\n<\/div>\n<div id=\"cmsms_row_69e76161e8894\" class=\"cmsms_row cmsms_color_scheme_default\">\n<div class=\"cmsms_row_outer_parent\">\n<div class=\"cmsms_row_outer\">\n<div class=\"cmsms_row_inner\">\n<div class=\"cmsms_row_margin\">\n<div class=\"cmsms_column one_first\">\n<div id=\"cmsms_fb_69e76161e897b\" class=\"cmsms_featured_block featured_block_with_button\">\n<div class=\"featured_block_inner\">\n<div class=\"featured_block_text\">\n<p><strong>BLUE PORTS Training &amp; Certification<\/strong><\/p>\n<\/div>\n<div class=\"featured_block_button_wrap\">\n<a href=\"https:\/\/www.blue-ports.eu\/es\/call-for-applications-training-certification-programme\/\" class=\"featured_block_button cmsms_button\">Apply Now<\/a>\n<\/div>\n<\/div>\n<\/div>\n<\/div>\n<\/div>\n<\/div>\n<\/div>\n<\/div>\n<\/div>\n<div id=\"cmsms_row_69e76161e89f8\" class=\"cmsms_row cmsms_color_scheme_default\">\n<div class=\"cmsms_row_outer_parent\">\n<div class=\"cmsms_row_outer\">\n<div class=\"cmsms_row_inner\">\n<div class=\"cmsms_row_margin\">\n<div class=\"cmsms_column one_first\">\n<div class=\"cmsms_text\">\n<p>Dedicado a mejorar las competencias del capital humano del ecosistema portuario para acelerar la transici\u00f3n energ\u00e9tica de los puertos, impulsando al mismo tiempo la promoci\u00f3n profesional, la movilidad laboral y la retenci\u00f3n del talento, BLUE PORTS ofrece un nuevo sistema de certificaci\u00f3n operativa, conforme a la norma internacional ISO\/IEC 17024. Basado en el Acuerdo Mutuo de Acreditaci\u00f3n Europea (EA MLA), el sistema ser\u00e1 reconocido mutuamente por las autoridades nacionales gubernamentales y de acreditaci\u00f3n en Europa y m\u00e1s all\u00e1.<\/p>\n<p>El Esquema de Certificaci\u00f3n BLUE PORTS se desarrolla en estrecha consulta con los <a href=\"https:\/\/www.blue-ports.eu\/es\/about\/#national_technical_committees\">Comit\u00e9s T\u00e9cnicos Nacionales<\/a> de Grecia, Italia, Espa\u00f1a y Georgia, incorporando sus puntos de vista y recomendaciones, asegurando que el Esquema corresponde a las necesidades reales del mercado y a las tendencias futuras de la transici\u00f3n verde del sector portuario.<\/p>\n<\/div>\n<\/div>\n<\/div>\n<\/div>\n<\/div>\n<\/div>\n<\/div>\n<div id=\"cmsms_row_69e76161e8aaf\" class=\"cmsms_row cmsms_color_scheme_default text-wrap-fix\">\n<div class=\"cmsms_row_outer_parent\">\n<div class=\"cmsms_row_outer\">\n<div class=\"cmsms_row_inner\">\n<div class=\"cmsms_row_margin\">\n<div class=\"cmsms_column one_half\">\n<div id=\"cmsms_fb_69e76161e8b15\" class=\"cmsms_featured_block\">\n<div class=\"featured_block_inner\">\n<div class=\"featured_block_text\">\n<h2><img decoding=\"async\" class=\"alignnone size-full wp-image-4457\" src=\"https:\/\/www.blue-ports.eu\/wp-content\/uploads\/2024\/05\/industry-solid.svg\" alt=\"\" \/><span class=\"text-wrap-span\"> Reconocido por la comunidad portuaria<\/span><\/h2>\n<\/div>\n<\/div>\n<\/div>\n<\/div>\n<div class=\"cmsms_column one_half\">\n<div id=\"cmsms_fb_69e76161e8b7b\" class=\"cmsms_featured_block\">\n<div class=\"featured_block_inner\">\n<div class=\"featured_block_text\">\n<h2><img loading=\"lazy\" decoding=\"async\" class=\"alignnone size-thumbnail wp-image-4318\" role=\"img\" src=\"https:\/\/blueports.stix.gr\/wp-content\/uploads\/2024\/05\/person-circle-check-solid.svg\" alt=\"\" width=\"40\" height=\"40\" \/><span class=\"text-wrap-span\"> Certificaci\u00f3n del personal seg\u00fan la norma ISO\/IEC 17024<\/span><\/h2>\n<\/div>\n<\/div>\n<\/div>\n<\/div>\n<\/div>\n<\/div>\n<\/div>\n<\/div>\n<\/div>\n<div id=\"cmsms_row_69e76161e8bb6\" class=\"cmsms_row cmsms_color_scheme_default text-wrap-fix\">\n<div class=\"cmsms_row_outer_parent\">\n<div class=\"cmsms_row_outer\">\n<div class=\"cmsms_row_inner\">\n<div class=\"cmsms_row_margin\">\n<div class=\"cmsms_column one_half\">\n<div id=\"cmsms_fb_69e76161e8c13\" class=\"cmsms_featured_block\">\n<div class=\"featured_block_inner\">\n<div class=\"featured_block_text\">\n<h2><img decoding=\"async\" class=\"alignnone size-full wp-image-4455\" src=\"https:\/\/www.blue-ports.eu\/wp-content\/uploads\/2024\/05\/earth-europe-solid.svg\" alt=\"\" \/><span class=\"text-wrap-span\"> Probado en 4 pa\u00edses<\/span><\/h2>\n<\/div>\n<\/div>\n<\/div>\n<\/div>\n<div class=\"cmsms_column one_half\">\n<div id=\"cmsms_fb_69e76161e8c72\" class=\"cmsms_featured_block\">\n<div class=\"featured_block_inner\">\n<div class=\"featured_block_text\">\n<h2><img decoding=\"async\" class=\"alignnone size-full wp-image-4456\" src=\"https:\/\/www.blue-ports.eu\/wp-content\/uploads\/2024\/05\/globe-solid.svg\" alt=\"\" \/><span class=\"text-wrap-span\"> Reconocimiento mundial<\/span><\/h2>\n<\/div>\n<\/div>\n<\/div>\n<\/div>\n<\/div>\n<\/div>\n<\/div>\n<\/div>\n<\/div>\n<div id=\"cmsms_row_69e76161e8ca9\" class=\"cmsms_row cmsms_color_scheme_default\">\n<div id=\"wtcblocks\" class=\"cmsms_row_outer_parent\">\n<div class=\"cmsms_row_outer\">\n<div class=\"cmsms_row_inner\">\n<div class=\"cmsms_row_margin\">\n<div class=\"cmsms_column one_third\">\n<div id=\"cmsms_fb_69e76161e8d30\" class=\"cmsms_featured_block\">\n<div class=\"featured_block_inner\">\n<div class=\"featured_block_text\">\n<p><img loading=\"lazy\" decoding=\"async\" class=\"size-full wp-image-4479 aligncenter\" src=\"https:\/\/www.blue-ports.eu\/wp-content\/uploads\/2024\/05\/image1-2.png\" alt=\"\" width=\"70\" height=\"70\" srcset=\"https:\/\/www.blue-ports.eu\/wp-content\/uploads\/2024\/05\/image1-2.png 700w, https:\/\/www.blue-ports.eu\/wp-content\/uploads\/2024\/05\/image1-2-300x300.png 300w, https:\/\/www.blue-ports.eu\/wp-content\/uploads\/2024\/05\/image1-2-150x150.png 150w, https:\/\/www.blue-ports.eu\/wp-content\/uploads\/2024\/05\/image1-2-55x55.png 55w, https:\/\/www.blue-ports.eu\/wp-content\/uploads\/2024\/05\/image1-2-250x250.png 250w, https:\/\/www.blue-ports.eu\/wp-content\/uploads\/2024\/05\/image1-2-580x580.png 580w\" sizes=\"auto, (max-width: 70px) 100vw, 70px\" \/><\/p>\n<h1 style=\"text-align: center;\">Para el empleado<\/h1>\n<ul>\n<li>Ventaja competitiva<\/li>\n<li>Conocimientos especializados<\/li>\n<li>Prueba de competencia professional<\/li>\n<li>Empleo<\/li>\n<li>Movilidad laboral<\/li>\n<li>Reconocimiento internacional<\/li>\n<\/ul>\n<\/div>\n<\/div>\n<\/div>\n<\/div>\n<div class=\"cmsms_column one_third\">\n<div id=\"cmsms_fb_69e76161e8dd6\" class=\"cmsms_featured_block\">\n<div class=\"featured_block_inner\">\n<div class=\"featured_block_text\">\n<p><img decoding=\"async\" class=\"size-full wp-image-4391 aligncenter\" src=\"https:\/\/www.blue-ports.eu\/wp-content\/uploads\/2024\/05\/anchor-circle-check-regular.svg\" alt=\"\" \/><\/p>\n<h1 style=\"text-align: center;\">Para el sector portuario<\/h1>\n<ul>\n<li>Personal especializado<\/li>\n<li>Mayor fiabilidad<\/li>\n<li>Rendimiento \u00f3ptimo del sistema<\/li>\n<li>Reducci\u00f3n del riesgo de inversi\u00f3n<\/li>\n<li>Clientes satisfechos<\/li>\n<\/ul>\n<\/div>\n<\/div>\n<\/div>\n<\/div>\n<div class=\"cmsms_column one_third\">\n<div id=\"cmsms_fb_69e76161e8e80\" class=\"cmsms_featured_block\">\n<div class=\"featured_block_inner\">\n<div class=\"featured_block_text\">\n<p><img loading=\"lazy\" decoding=\"async\" class=\"alignnone size-full wp-image-4354 aligncenter\" src=\"https:\/\/www.blue-ports.eu\/wp-content\/uploads\/2024\/05\/image.png\" alt=\"\" width=\"70\" height=\"70\" srcset=\"https:\/\/www.blue-ports.eu\/wp-content\/uploads\/2024\/05\/image.png 512w, https:\/\/www.blue-ports.eu\/wp-content\/uploads\/2024\/05\/image-300x300.png 300w, https:\/\/www.blue-ports.eu\/wp-content\/uploads\/2024\/05\/image-150x150.png 150w, https:\/\/www.blue-ports.eu\/wp-content\/uploads\/2024\/05\/image-55x55.png 55w, https:\/\/www.blue-ports.eu\/wp-content\/uploads\/2024\/05\/image-250x250.png 250w\" sizes=\"auto, (max-width: 70px) 100vw, 70px\" \/><\/p>\n<h1 style=\"text-align: center;\">Para la sociedad<\/h1>\n<ul>\n<li>Generar confianza<\/li>\n<li>Mejora de la econom\u00eda<\/li>\n<li>Reducci\u00f3n de gases de efecto invernadero<\/li>\n<li>Mejora de la calidad de vida<\/li>\n<\/ul>\n<\/div>\n<\/div>\n<\/div>\n<\/div>\n<\/div>\n<\/div>\n<\/div>\n<\/div>\n<\/div>\n<div id=\"cmsms_row_69e76161e8edb\" class=\"cmsms_row cmsms_color_scheme_default\">\n<div class=\"cmsms_row_outer_parent\">\n<div class=\"cmsms_row_outer\">\n<div class=\"cmsms_row_inner\">\n<div class=\"cmsms_row_margin\">\n<div class=\"cmsms_column one_first\">\n<div id=\"cmsms_fb_69e76161e8f3c\" class=\"cmsms_featured_block featured_block_with_button\">\n<div class=\"featured_block_inner\">\n<div class=\"featured_block_text\">\n<h2>\u00danete a la red BLUE PORTS<\/h2>\n<\/div>\n<div class=\"featured_block_button_wrap\">\n<a href=\"\/join\/\" class=\"featured_block_button cmsms_button\" target=\"_blank\">\u00daNETE<\/a>\n<\/div>\n<\/div>\n<\/div>\n<\/div>\n<\/div>\n<\/div>\n<\/div>\n<\/div>\n<\/div>\n\n","protected":false},"excerpt":{"rendered":"","protected":false},"author":15,"featured_media":0,"parent":0,"menu_order":0,"comment_status":"closed","ping_status":"closed","template":"","meta":{"_acf_changed":false,"inline_featured_image":false,"footnotes":""},"class_list":["post-4847","page","type-page","status-publish","hentry"],"acf":[],"yoast_head":"<!-- This site is optimized with the Yoast SEO plugin v27.4 - https:\/\/yoast.com\/product\/yoast-seo-wordpress\/ -->\n<title>\u00bfPor qu\u00e9 certificar? - BLUE PORTS<\/title>\n<meta name=\"robots\" content=\"index, follow, max-snippet:-1, max-image-preview:large, max-video-preview:-1\" \/>\n<link rel=\"canonical\" href=\"https:\/\/www.blue-ports.eu\/es\/why-to-certify\/\" \/>\n<meta property=\"og:locale\" content=\"es_ES\" \/>\n<meta property=\"og:type\" content=\"article\" \/>\n<meta property=\"og:title\" content=\"\u00bfPor qu\u00e9 certificar? - BLUE PORTS\" \/>\n<meta property=\"og:url\" content=\"https:\/\/www.blue-ports.eu\/es\/why-to-certify\/\" \/>\n<meta property=\"og:site_name\" content=\"BLUE PORTS\" \/>\n<meta property=\"article:modified_time\" content=\"2026-01-28T15:44:03+00:00\" \/>\n<meta name=\"twitter:card\" content=\"summary_large_image\" \/>\n<meta name=\"twitter:label1\" content=\"Tiempo de lectura\" \/>\n\t<meta name=\"twitter:data1\" content=\"3 minutos\" \/>\n<script type=\"application\/ld+json\" class=\"yoast-schema-graph\">{\"@context\":\"https:\\\/\\\/schema.org\",\"@graph\":[{\"@type\":\"WebPage\",\"@id\":\"https:\\\/\\\/www.blue-ports.eu\\\/es\\\/why-to-certify\\\/\",\"url\":\"https:\\\/\\\/www.blue-ports.eu\\\/es\\\/why-to-certify\\\/\",\"name\":\"\u00bfPor qu\u00e9 certificar? - BLUE PORTS\",\"isPartOf\":{\"@id\":\"https:\\\/\\\/www.blue-ports.eu\\\/#website\"},\"primaryImageOfPage\":{\"@id\":\"https:\\\/\\\/www.blue-ports.eu\\\/es\\\/why-to-certify\\\/#primaryimage\"},\"image\":{\"@id\":\"https:\\\/\\\/www.blue-ports.eu\\\/es\\\/why-to-certify\\\/#primaryimage\"},\"thumbnailUrl\":\"https:\\\/\\\/www.blue-ports.eu\\\/wp-content\\\/uploads\\\/2024\\\/05\\\/industry-solid.svg\",\"datePublished\":\"2014-07-22T14:48:57+00:00\",\"dateModified\":\"2026-01-28T15:44:03+00:00\",\"breadcrumb\":{\"@id\":\"https:\\\/\\\/www.blue-ports.eu\\\/es\\\/why-to-certify\\\/#breadcrumb\"},\"inLanguage\":\"es\",\"potentialAction\":[{\"@type\":\"ReadAction\",\"target\":[\"https:\\\/\\\/www.blue-ports.eu\\\/es\\\/why-to-certify\\\/\"]}]},{\"@type\":\"ImageObject\",\"inLanguage\":\"es\",\"@id\":\"https:\\\/\\\/www.blue-ports.eu\\\/es\\\/why-to-certify\\\/#primaryimage\",\"url\":\"https:\\\/\\\/www.blue-ports.eu\\\/wp-content\\\/uploads\\\/2024\\\/05\\\/industry-solid.svg\",\"contentUrl\":\"https:\\\/\\\/www.blue-ports.eu\\\/wp-content\\\/uploads\\\/2024\\\/05\\\/industry-solid.svg\"},{\"@type\":\"BreadcrumbList\",\"@id\":\"https:\\\/\\\/www.blue-ports.eu\\\/es\\\/why-to-certify\\\/#breadcrumb\",\"itemListElement\":[{\"@type\":\"ListItem\",\"position\":1,\"name\":\"Home\",\"item\":\"https:\\\/\\\/www.blue-ports.eu\\\/es\\\/\"},{\"@type\":\"ListItem\",\"position\":2,\"name\":\"\u00bfPor qu\u00e9 certificar?\"}]},{\"@type\":\"WebSite\",\"@id\":\"https:\\\/\\\/www.blue-ports.eu\\\/#website\",\"url\":\"https:\\\/\\\/www.blue-ports.eu\\\/\",\"name\":\"BLUE PORTS\",\"description\":\"\",\"publisher\":{\"@id\":\"https:\\\/\\\/www.blue-ports.eu\\\/#organization\"},\"potentialAction\":[{\"@type\":\"SearchAction\",\"target\":{\"@type\":\"EntryPoint\",\"urlTemplate\":\"https:\\\/\\\/www.blue-ports.eu\\\/?s={search_term_string}\"},\"query-input\":{\"@type\":\"PropertyValueSpecification\",\"valueRequired\":true,\"valueName\":\"search_term_string\"}}],\"inLanguage\":\"es\"},{\"@type\":\"Organization\",\"@id\":\"https:\\\/\\\/www.blue-ports.eu\\\/#organization\",\"name\":\"BLUE PORTS\",\"url\":\"https:\\\/\\\/www.blue-ports.eu\\\/\",\"logo\":{\"@type\":\"ImageObject\",\"inLanguage\":\"es\",\"@id\":\"https:\\\/\\\/www.blue-ports.eu\\\/#\\\/schema\\\/logo\\\/image\\\/\",\"url\":\"https:\\\/\\\/www.blue-ports.eu\\\/wp-content\\\/uploads\\\/2024\\\/04\\\/BLUE-PORTS_LOGO_keppel-white-background.png\",\"contentUrl\":\"https:\\\/\\\/www.blue-ports.eu\\\/wp-content\\\/uploads\\\/2024\\\/04\\\/BLUE-PORTS_LOGO_keppel-white-background.png\",\"width\":2000,\"height\":2000,\"caption\":\"BLUE PORTS\"},\"image\":{\"@id\":\"https:\\\/\\\/www.blue-ports.eu\\\/#\\\/schema\\\/logo\\\/image\\\/\"}}]}<\/script>\n<!-- \/ Yoast SEO plugin. -->","yoast_head_json":{"title":"\u00bfPor qu\u00e9 certificar? - BLUE PORTS","robots":{"index":"index","follow":"follow","max-snippet":"max-snippet:-1","max-image-preview":"max-image-preview:large","max-video-preview":"max-video-preview:-1"},"canonical":"https:\/\/www.blue-ports.eu\/es\/why-to-certify\/","og_locale":"es_ES","og_type":"article","og_title":"\u00bfPor qu\u00e9 certificar? - BLUE PORTS","og_url":"https:\/\/www.blue-ports.eu\/es\/why-to-certify\/","og_site_name":"BLUE PORTS","article_modified_time":"2026-01-28T15:44:03+00:00","twitter_card":"summary_large_image","twitter_misc":{"Tiempo de lectura":"3 minutos"},"schema":{"@context":"https:\/\/schema.org","@graph":[{"@type":"WebPage","@id":"https:\/\/www.blue-ports.eu\/es\/why-to-certify\/","url":"https:\/\/www.blue-ports.eu\/es\/why-to-certify\/","name":"\u00bfPor qu\u00e9 certificar? - BLUE PORTS","isPartOf":{"@id":"https:\/\/www.blue-ports.eu\/#website"},"primaryImageOfPage":{"@id":"https:\/\/www.blue-ports.eu\/es\/why-to-certify\/#primaryimage"},"image":{"@id":"https:\/\/www.blue-ports.eu\/es\/why-to-certify\/#primaryimage"},"thumbnailUrl":"https:\/\/www.blue-ports.eu\/wp-content\/uploads\/2024\/05\/industry-solid.svg","datePublished":"2014-07-22T14:48:57+00:00","dateModified":"2026-01-28T15:44:03+00:00","breadcrumb":{"@id":"https:\/\/www.blue-ports.eu\/es\/why-to-certify\/#breadcrumb"},"inLanguage":"es","potentialAction":[{"@type":"ReadAction","target":["https:\/\/www.blue-ports.eu\/es\/why-to-certify\/"]}]},{"@type":"ImageObject","inLanguage":"es","@id":"https:\/\/www.blue-ports.eu\/es\/why-to-certify\/#primaryimage","url":"https:\/\/www.blue-ports.eu\/wp-content\/uploads\/2024\/05\/industry-solid.svg","contentUrl":"https:\/\/www.blue-ports.eu\/wp-content\/uploads\/2024\/05\/industry-solid.svg"},{"@type":"BreadcrumbList","@id":"https:\/\/www.blue-ports.eu\/es\/why-to-certify\/#breadcrumb","itemListElement":[{"@type":"ListItem","position":1,"name":"Home","item":"https:\/\/www.blue-ports.eu\/es\/"},{"@type":"ListItem","position":2,"name":"\u00bfPor qu\u00e9 certificar?"}]},{"@type":"WebSite","@id":"https:\/\/www.blue-ports.eu\/#website","url":"https:\/\/www.blue-ports.eu\/","name":"BLUE PORTS","description":"","publisher":{"@id":"https:\/\/www.blue-ports.eu\/#organization"},"potentialAction":[{"@type":"SearchAction","target":{"@type":"EntryPoint","urlTemplate":"https:\/\/www.blue-ports.eu\/?s={search_term_string}"},"query-input":{"@type":"PropertyValueSpecification","valueRequired":true,"valueName":"search_term_string"}}],"inLanguage":"es"},{"@type":"Organization","@id":"https:\/\/www.blue-ports.eu\/#organization","name":"BLUE PORTS","url":"https:\/\/www.blue-ports.eu\/","logo":{"@type":"ImageObject","inLanguage":"es","@id":"https:\/\/www.blue-ports.eu\/#\/schema\/logo\/image\/","url":"https:\/\/www.blue-ports.eu\/wp-content\/uploads\/2024\/04\/BLUE-PORTS_LOGO_keppel-white-background.png","contentUrl":"https:\/\/www.blue-ports.eu\/wp-content\/uploads\/2024\/04\/BLUE-PORTS_LOGO_keppel-white-background.png","width":2000,"height":2000,"caption":"BLUE PORTS"},"image":{"@id":"https:\/\/www.blue-ports.eu\/#\/schema\/logo\/image\/"}}]}},"_links":{"self":[{"href":"https:\/\/www.blue-ports.eu\/es\/wp-json\/wp\/v2\/pages\/4847","targetHints":{"allow":["GET"]}}],"collection":[{"href":"https:\/\/www.blue-ports.eu\/es\/wp-json\/wp\/v2\/pages"}],"about":[{"href":"https:\/\/www.blue-ports.eu\/es\/wp-json\/wp\/v2\/types\/page"}],"author":[{"embeddable":true,"href":"https:\/\/www.blue-ports.eu\/es\/wp-json\/wp\/v2\/users\/15"}],"replies":[{"embeddable":true,"href":"https:\/\/www.blue-ports.eu\/es\/wp-json\/wp\/v2\/comments?post=4847"}],"version-history":[{"count":8,"href":"https:\/\/www.blue-ports.eu\/es\/wp-json\/wp\/v2\/pages\/4847\/revisions"}],"predecessor-version":[{"id":6219,"href":"https:\/\/www.blue-ports.eu\/es\/wp-json\/wp\/v2\/pages\/4847\/revisions\/6219"}],"wp:attachment":[{"href":"https:\/\/www.blue-ports.eu\/es\/wp-json\/wp\/v2\/media?parent=4847"}],"curies":[{"name":"wp","href":"https:\/\/api.w.org\/{rel}","templated":true}]}}