{"id":5114,"date":"2024-02-19T14:39:55","date_gmt":"2024-02-19T14:39:55","guid":{"rendered":"https:\/\/www.blue-ports.eu\/?page_id=5114"},"modified":"2024-09-17T13:54:45","modified_gmt":"2024-09-17T13:54:45","slug":"privacy-policy","status":"publish","type":"page","link":"https:\/\/www.blue-ports.eu\/es\/privacy-policy\/","title":{"rendered":"Pol\u00edtica de Privacidad"},"content":{"rendered":"<style type=\"text\/css\"><\/style><div id=\"cmsms_row_69e1f2786ef35\" class=\"cmsms_row cmsms_color_scheme_default\">\n<div class=\"cmsms_row_outer_parent\">\n<div class=\"cmsms_row_outer\">\n<div class=\"cmsms_row_inner\">\n<div class=\"cmsms_row_margin\">\n<div class=\"cmsms_column one_first\">\n<div class=\"cmsms_text\">\n<p>El aviso de privacidad actual define la manera en la que este sitio web (<a href=\"http:\/\/www.blue-ports.eu\" target=\"_new\" rel=\"noopener\">www.blue-ports.eu<\/a>) utiliza y protege la informaci\u00f3n que compartes con nosotros. Respetamos tu privacidad y nos comprometemos a proteger tu informaci\u00f3n personal. Al compartir tus datos personales con nosotros, aceptas y consientes la recopilaci\u00f3n, el procesamiento y el uso de los mismos, tal como se describe en este aviso, de acuerdo con el Reglamento General de Protecci\u00f3n de Datos (RGPD).<\/p>\n<div class=\"flex-1 overflow-hidden\">\n<div class=\"h-full\">\n<div class=\"react-scroll-to-bottom--css-xhkob-79elbk h-full\">\n<div class=\"react-scroll-to-bottom--css-xhkob-1n7m0yu\">\n<div class=\"flex flex-col text-sm md:pb-9\">\n<article class=\"w-full text-token-text-primary focus-visible:outline-2 focus-visible:outline-offset-&#091;-4px&#093;\" dir=\"auto\" data-testid=\"conversation-turn-3\" data-scroll-anchor=\"true\">\n<div class=\"text-base py-&#091;18px&#093; px-3 md:px-4 m-auto w-full md:px-5 lg:px-4 xl:px-5\">\n<div class=\"mx-auto flex flex-1 gap-4 text-base md:gap-5 lg:gap-6 md:max-w-3xl lg:max-w-&#091;40rem&#093; xl:max-w-&#091;48rem&#093;\">\n<div class=\"group\/conversation-turn relative flex w-full min-w-0 flex-col agent-turn\">\n<div class=\"flex-col gap-1 md:gap-3\">\n<div class=\"flex max-w-full flex-col flex-grow\">\n<div class=\"min-h-&#091;20px&#093; text-message flex w-full flex-col items-end gap-2 whitespace-normal break-words &#091;.text-message+&amp;&#093;:mt-5\" dir=\"auto\" data-message-author-role=\"assistant\" data-message-id=\"40d81302-3840-4981-a3c3-6d06f4cca856\">\n<div class=\"flex w-full flex-col gap-1 empty:hidden first:pt-&#091;3px&#093;\">\n<div class=\"markdown prose w-full break-words dark:prose-invert light\">\n<p>Nuestro aviso de privacidad cubre:<\/p>\n<ul>\n<li>la recopilaci\u00f3n y procesamiento de datos personales;<\/li>\n<li>las cookies que utiliza este sitio;<\/li>\n<li>las medidas de seguridad para mantener tu informaci\u00f3n segura.<\/li>\n<\/ul>\n<p>A trav\u00e9s de este sitio web puedes enlazar a otros sitios web, que no est\u00e1n bajo nuestro control. No somos responsables de la precisi\u00f3n o contenido de esos sitios, ni de los t\u00e9rminos de sus pol\u00edticas de privacidad. El uso de cualquier sitio web enlazado es bajo tu propia responsabilidad.<\/p>\n<p><em>Esta pol\u00edtica de privacidad est\u00e1 sujeta a cambios, seg\u00fan el desarrollo del sitio web o para reflejar cambios en la legislaci\u00f3n. No informaremos expl\u00edcitamente a los usuarios del sitio web sobre estos cambios. En su lugar, te pedimos que revises nuestro sitio web regularmente para cualquier actualizaci\u00f3n, ya que el uso continuo del sitio se considerar\u00e1 como tu aceptaci\u00f3n de los t\u00e9rminos modificados.<\/em><\/p>\n<p><strong>Recopilaci\u00f3n y procesamiento de datos personales<\/strong><\/p>\n<p>Este sitio web no recopila ni almacena ninguna informaci\u00f3n personal, m\u00e1s all\u00e1 de la que ingresas (nombre, direcci\u00f3n de correo electr\u00f3nico) en el formulario de contacto para comunicarte con nosotros y enviar tus consultas. Tus datos personales solo se utilizar\u00e1n para responderte y mantenerte informado sobre los temas de tu elecci\u00f3n, seg\u00fan tus preferencias seleccionadas en el formulario de contacto, y no ser\u00e1n transferidos, en ning\u00fan caso, a terceros. Tus datos se almacenar\u00e1n de forma segura en nuestro archivo por un per\u00edodo de 2 a\u00f1os, despu\u00e9s del cual se eliminar\u00e1n permanentemente.<\/p>\n<p>Si deseas acceder, solicitar la modificaci\u00f3n o eliminaci\u00f3n de tus datos personales, por favor cont\u00e1ctanos a trav\u00e9s del correo electr\u00f3nico: <a href=\"mailto:info@blue-ports.eu\" rel=\"noopener\">info@blue-ports.eu<\/a>.<\/p>\n<p><strong>Cookies<\/strong><\/p>\n<p>Para proporcionar una mejor navegaci\u00f3n y analizar c\u00f3mo los visitantes utilizan nuestro sitio web, a veces almacenamos peque\u00f1os archivos, llamados cookies, en tu dispositivo.<\/p>\n<p>Las cookies son peque\u00f1os archivos de texto, que contienen un identificador, que un sitio web almacena en el directorio del navegador de tu computadora o dispositivo m\u00f3vil cuando lo visitas. De esta manera, el sitio recuerda tus acciones y preferencias (por ejemplo, idioma, tama\u00f1o de fuente y otras preferencias de visualizaci\u00f3n) durante un per\u00edodo de tiempo, para que no tengas que ingresarlas cada vez que visites o navegues por sus p\u00e1ginas.<\/p>\n<p>Tambi\u00e9n utilizamos Google Analytics para rastrear los movimientos de los usuarios en nuestro sitio web, con el fin de ayudarnos a mejorar su uso y usabilidad. Las direcciones IP de los visitantes del sitio web han sido anonimizadas y no se almacenan en nuestros informes de Google Analytics.<\/p>\n<p>Google Analytics almacena informaci\u00f3n sobre:<\/p>\n<ul>\n<li>las p\u00e1ginas que visitas en nuestro sitio;<\/li>\n<li>cu\u00e1nto tiempo pasas en cada p\u00e1gina;<\/li>\n<li>c\u00f3mo llegaste a este sitio;<\/li>\n<li>en qu\u00e9 haces clic mientras visitas este sitio.<\/li>\n<\/ul>\n<p>Las cookies no representan en s\u00ed mismas una amenaza para la privacidad, ya que solo pueden utilizarse para almacenar informaci\u00f3n que el usuario ha proporcionado o que el servidor web ya posee.<\/p>\n<p>Habilitar estas cookies no es necesario para que el sitio funcione, pero tendr\u00e1s mejores capacidades de navegaci\u00f3n. Si no deseas proporcionar informaci\u00f3n a trav\u00e9s de cookies, puedes eliminar todas las cookies en tu navegador a trav\u00e9s de la configuraci\u00f3n de seguridad y elegir rechazar autom\u00e1ticamente todas las futuras cookies o decidir individualmente qu\u00e9 cookies deseas aceptar.<\/p>\n<p><a href=\"https:\/\/support.microsoft.com\/en-us\/microsoft-edge\/delete-cookies-in-microsoft-edge-63947406-40ac-c3b8-57b9-2a946a29ae09\">Aprende m\u00e1s sobre c\u00f3mo eliminar cookies de tu navegador Microsoft Edge<\/a><\/p>\n<p><a href=\"https:\/\/support.google.com\/chrome\/answer\/95647?co=GENIE.Platform%3DDesktop&amp;hl=en\">Aprende m\u00e1s sobre c\u00f3mo eliminar cookies de tu navegador Google Chrome<\/a><\/p>\n<p><a href=\"https:\/\/support.mozilla.org\/en-US\/products\/firefox\/protect-your-privacy\/cookies\">Aprende m\u00e1s sobre c\u00f3mo eliminar cookies de tu navegador Mozilla Firefox<\/a><\/p>\n<p><strong>Protecci\u00f3n de tus datos<\/strong><\/p>\n<p>Tomamos las medidas necesarias para asegurar tus datos personales contra el hacking, malware y sitios web maliciosos. En el desafortunado y poco probable caso de una fuga, estamos obligados a informarte de acuerdo con la ley y a tomar todas las medidas necesarias para corregir el da\u00f1o.<\/p>\n<p>Si tienes alguna pregunta sobre nuestra pol\u00edtica de privacidad y uso de cookies, por favor cont\u00e1ctanos a trav\u00e9s del correo electr\u00f3nico: <a href=\"mailto:info@blue-ports.eu\" rel=\"noopener\">info@blue-ports.eu<\/a>.<\/p>\n<\/div>\n<\/div>\n<\/div>\n<\/div>\n<\/div>\n<\/div>\n<\/div>\n<\/div>\n<\/article>\n<\/div>\n<\/div>\n<\/div>\n<\/div>\n<\/div>\n<\/div>\n<\/div>\n<\/div>\n<\/div>\n<\/div>\n<\/div>\n<\/div>\n<!-- \/wp:post-content -->","protected":false},"excerpt":{"rendered":"","protected":false},"author":15,"featured_media":0,"parent":0,"menu_order":0,"comment_status":"closed","ping_status":"closed","template":"","meta":{"_acf_changed":false,"inline_featured_image":false,"footnotes":""},"class_list":["post-5114","page","type-page","status-publish","hentry"],"acf":[],"yoast_head":"<!-- This site is optimized with the Yoast SEO plugin v27.4 - https:\/\/yoast.com\/product\/yoast-seo-wordpress\/ -->\n<title>Pol\u00edtica de Privacidad - BLUE PORTS<\/title>\n<meta name=\"robots\" content=\"index, follow, max-snippet:-1, max-image-preview:large, max-video-preview:-1\" \/>\n<link rel=\"canonical\" href=\"https:\/\/www.blue-ports.eu\/es\/privacy-policy\/\" \/>\n<meta property=\"og:locale\" content=\"es_ES\" \/>\n<meta property=\"og:type\" content=\"article\" \/>\n<meta property=\"og:title\" content=\"Pol\u00edtica de Privacidad - BLUE PORTS\" \/>\n<meta property=\"og:url\" content=\"https:\/\/www.blue-ports.eu\/es\/privacy-policy\/\" \/>\n<meta property=\"og:site_name\" content=\"BLUE PORTS\" \/>\n<meta property=\"article:modified_time\" content=\"2024-09-17T13:54:45+00:00\" \/>\n<meta name=\"twitter:card\" content=\"summary_large_image\" \/>\n<meta name=\"twitter:label1\" content=\"Tiempo de lectura\" \/>\n\t<meta name=\"twitter:data1\" content=\"3 minutos\" \/>\n<script type=\"application\/ld+json\" class=\"yoast-schema-graph\">{\"@context\":\"https:\\\/\\\/schema.org\",\"@graph\":[{\"@type\":\"WebPage\",\"@id\":\"https:\\\/\\\/www.blue-ports.eu\\\/es\\\/privacy-policy\\\/\",\"url\":\"https:\\\/\\\/www.blue-ports.eu\\\/es\\\/privacy-policy\\\/\",\"name\":\"Pol\u00edtica de Privacidad - BLUE PORTS\",\"isPartOf\":{\"@id\":\"https:\\\/\\\/www.blue-ports.eu\\\/#website\"},\"datePublished\":\"2024-02-19T14:39:55+00:00\",\"dateModified\":\"2024-09-17T13:54:45+00:00\",\"breadcrumb\":{\"@id\":\"https:\\\/\\\/www.blue-ports.eu\\\/es\\\/privacy-policy\\\/#breadcrumb\"},\"inLanguage\":\"es\",\"potentialAction\":[{\"@type\":\"ReadAction\",\"target\":[\"https:\\\/\\\/www.blue-ports.eu\\\/es\\\/privacy-policy\\\/\"]}]},{\"@type\":\"BreadcrumbList\",\"@id\":\"https:\\\/\\\/www.blue-ports.eu\\\/es\\\/privacy-policy\\\/#breadcrumb\",\"itemListElement\":[{\"@type\":\"ListItem\",\"position\":1,\"name\":\"Home\",\"item\":\"https:\\\/\\\/www.blue-ports.eu\\\/es\\\/\"},{\"@type\":\"ListItem\",\"position\":2,\"name\":\"Pol\u00edtica de Privacidad\"}]},{\"@type\":\"WebSite\",\"@id\":\"https:\\\/\\\/www.blue-ports.eu\\\/#website\",\"url\":\"https:\\\/\\\/www.blue-ports.eu\\\/\",\"name\":\"BLUE PORTS\",\"description\":\"\",\"publisher\":{\"@id\":\"https:\\\/\\\/www.blue-ports.eu\\\/#organization\"},\"potentialAction\":[{\"@type\":\"SearchAction\",\"target\":{\"@type\":\"EntryPoint\",\"urlTemplate\":\"https:\\\/\\\/www.blue-ports.eu\\\/?s={search_term_string}\"},\"query-input\":{\"@type\":\"PropertyValueSpecification\",\"valueRequired\":true,\"valueName\":\"search_term_string\"}}],\"inLanguage\":\"es\"},{\"@type\":\"Organization\",\"@id\":\"https:\\\/\\\/www.blue-ports.eu\\\/#organization\",\"name\":\"BLUE PORTS\",\"url\":\"https:\\\/\\\/www.blue-ports.eu\\\/\",\"logo\":{\"@type\":\"ImageObject\",\"inLanguage\":\"es\",\"@id\":\"https:\\\/\\\/www.blue-ports.eu\\\/#\\\/schema\\\/logo\\\/image\\\/\",\"url\":\"https:\\\/\\\/www.blue-ports.eu\\\/wp-content\\\/uploads\\\/2024\\\/04\\\/BLUE-PORTS_LOGO_keppel-white-background.png\",\"contentUrl\":\"https:\\\/\\\/www.blue-ports.eu\\\/wp-content\\\/uploads\\\/2024\\\/04\\\/BLUE-PORTS_LOGO_keppel-white-background.png\",\"width\":2000,\"height\":2000,\"caption\":\"BLUE PORTS\"},\"image\":{\"@id\":\"https:\\\/\\\/www.blue-ports.eu\\\/#\\\/schema\\\/logo\\\/image\\\/\"}}]}<\/script>\n<!-- \/ Yoast SEO plugin. -->","yoast_head_json":{"title":"Pol\u00edtica de Privacidad - BLUE PORTS","robots":{"index":"index","follow":"follow","max-snippet":"max-snippet:-1","max-image-preview":"max-image-preview:large","max-video-preview":"max-video-preview:-1"},"canonical":"https:\/\/www.blue-ports.eu\/es\/privacy-policy\/","og_locale":"es_ES","og_type":"article","og_title":"Pol\u00edtica de Privacidad - BLUE PORTS","og_url":"https:\/\/www.blue-ports.eu\/es\/privacy-policy\/","og_site_name":"BLUE PORTS","article_modified_time":"2024-09-17T13:54:45+00:00","twitter_card":"summary_large_image","twitter_misc":{"Tiempo de lectura":"3 minutos"},"schema":{"@context":"https:\/\/schema.org","@graph":[{"@type":"WebPage","@id":"https:\/\/www.blue-ports.eu\/es\/privacy-policy\/","url":"https:\/\/www.blue-ports.eu\/es\/privacy-policy\/","name":"Pol\u00edtica de Privacidad - BLUE PORTS","isPartOf":{"@id":"https:\/\/www.blue-ports.eu\/#website"},"datePublished":"2024-02-19T14:39:55+00:00","dateModified":"2024-09-17T13:54:45+00:00","breadcrumb":{"@id":"https:\/\/www.blue-ports.eu\/es\/privacy-policy\/#breadcrumb"},"inLanguage":"es","potentialAction":[{"@type":"ReadAction","target":["https:\/\/www.blue-ports.eu\/es\/privacy-policy\/"]}]},{"@type":"BreadcrumbList","@id":"https:\/\/www.blue-ports.eu\/es\/privacy-policy\/#breadcrumb","itemListElement":[{"@type":"ListItem","position":1,"name":"Home","item":"https:\/\/www.blue-ports.eu\/es\/"},{"@type":"ListItem","position":2,"name":"Pol\u00edtica de Privacidad"}]},{"@type":"WebSite","@id":"https:\/\/www.blue-ports.eu\/#website","url":"https:\/\/www.blue-ports.eu\/","name":"BLUE PORTS","description":"","publisher":{"@id":"https:\/\/www.blue-ports.eu\/#organization"},"potentialAction":[{"@type":"SearchAction","target":{"@type":"EntryPoint","urlTemplate":"https:\/\/www.blue-ports.eu\/?s={search_term_string}"},"query-input":{"@type":"PropertyValueSpecification","valueRequired":true,"valueName":"search_term_string"}}],"inLanguage":"es"},{"@type":"Organization","@id":"https:\/\/www.blue-ports.eu\/#organization","name":"BLUE PORTS","url":"https:\/\/www.blue-ports.eu\/","logo":{"@type":"ImageObject","inLanguage":"es","@id":"https:\/\/www.blue-ports.eu\/#\/schema\/logo\/image\/","url":"https:\/\/www.blue-ports.eu\/wp-content\/uploads\/2024\/04\/BLUE-PORTS_LOGO_keppel-white-background.png","contentUrl":"https:\/\/www.blue-ports.eu\/wp-content\/uploads\/2024\/04\/BLUE-PORTS_LOGO_keppel-white-background.png","width":2000,"height":2000,"caption":"BLUE PORTS"},"image":{"@id":"https:\/\/www.blue-ports.eu\/#\/schema\/logo\/image\/"}}]}},"_links":{"self":[{"href":"https:\/\/www.blue-ports.eu\/es\/wp-json\/wp\/v2\/pages\/5114","targetHints":{"allow":["GET"]}}],"collection":[{"href":"https:\/\/www.blue-ports.eu\/es\/wp-json\/wp\/v2\/pages"}],"about":[{"href":"https:\/\/www.blue-ports.eu\/es\/wp-json\/wp\/v2\/types\/page"}],"author":[{"embeddable":true,"href":"https:\/\/www.blue-ports.eu\/es\/wp-json\/wp\/v2\/users\/15"}],"replies":[{"embeddable":true,"href":"https:\/\/www.blue-ports.eu\/es\/wp-json\/wp\/v2\/comments?post=5114"}],"version-history":[{"count":5,"href":"https:\/\/www.blue-ports.eu\/es\/wp-json\/wp\/v2\/pages\/5114\/revisions"}],"predecessor-version":[{"id":5373,"href":"https:\/\/www.blue-ports.eu\/es\/wp-json\/wp\/v2\/pages\/5114\/revisions\/5373"}],"wp:attachment":[{"href":"https:\/\/www.blue-ports.eu\/es\/wp-json\/wp\/v2\/media?parent=5114"}],"curies":[{"name":"wp","href":"https:\/\/api.w.org\/{rel}","templated":true}]}}