{"id":5115,"date":"2024-05-02T09:27:05","date_gmt":"2024-05-02T09:27:05","guid":{"rendered":"https:\/\/www.blue-ports.eu\/?page_id=5115"},"modified":"2024-09-17T14:01:30","modified_gmt":"2024-09-17T14:01:30","slug":"terms-of-use","status":"publish","type":"page","link":"https:\/\/www.blue-ports.eu\/es\/terms-of-use\/","title":{"rendered":"T\u00e9rminos de uso"},"content":{"rendered":"<style type=\"text\/css\"><\/style><div id=\"cmsms_row_6a06fb5d34563\" class=\"cmsms_row cmsms_color_scheme_default\">\n<div class=\"cmsms_row_outer_parent\">\n<div class=\"cmsms_row_outer\">\n<div class=\"cmsms_row_inner\">\n<div class=\"cmsms_row_margin\">\n<div class=\"cmsms_column one_first\">\n<div class=\"cmsms_text\">\n<p>El sitio web de BLUE PORTS tiene como objetivo comunicar y difundir el alcance, progreso, logros, resultados y novedades del proyecto, al mismo tiempo que sirve como puerta de entrada a la plataforma de aprendizaje electr\u00f3nico del esquema de formaci\u00f3n y certificaci\u00f3n de BLUE PORTS.<\/p>\n<p>Ha sido desarrollado por el Laboratorio de Energ\u00eda Renovable y Sostenible de la Universidad T\u00e9cnica de Creta (ReSEL TUC), en el marco del proyecto BLUE PORTS: CARRERAS AZULES EN PUERTOS DE ENERG\u00cdA CERO NETO, cofinanciado por las Subvenciones de Proyectos del Fondo Europeo Mar\u00edtimo, de Pesca y de Acuicultura (EMFAF) (N\u00famero de Proyecto: 101124958).<\/p>\n<p><strong>Aviso Legal<\/strong><\/p>\n<p>El consorcio de BLUE PORTS, representado por el coordinador del proyecto, ReSEL TUC, realiza todos los esfuerzos para garantizar que la informaci\u00f3n presentada en este sitio web (<a href=\"http:\/\/www.blue-ports.eu\" target=\"_new\" rel=\"noopener\">www.blue-ports.eu<\/a>) sea precisa y completa. Sin embargo, ReSEL TUC no acepta ninguna responsabilidad u obligaci\u00f3n (incluyendo, pero no limitado a, cualquier p\u00e9rdida o da\u00f1o directo o consecuente que pueda ocurrirle a usted y\/o a terceros) que surja de o est\u00e9 relacionado con la informaci\u00f3n en este sitio web. Adem\u00e1s, ReSEL TUC se reserva el derecho de modificar o corregir el contenido de este sitio web en cualquier momento, sin previo aviso.<\/p>\n<p>Los enlaces a otros sitios web se proporcionan exclusivamente para ofrecerte la informaci\u00f3n m\u00e1s completa. Si utilizas estos enlaces, abandonar\u00e1s este sitio web. ReSEL TUC no controla ni es responsable de estos sitios ni de su contenido. Por lo tanto, ReSEL TUC no acepta ninguna responsabilidad ni obligaci\u00f3n por estos sitios, la informaci\u00f3n contenida en ellos o las consecuencias de su uso.<\/p>\n<p>Finalmente, ReSEL TUC no asume ninguna responsabilidad por la falta de disponibilidad de este sitio web debido a problemas t\u00e9cnicos fuera de nuestro control.<\/p>\n<p><strong>Derechos de Autor<\/strong><\/p>\n<p>Los derechos de autor para la recopilaci\u00f3n y procesamiento del contenido de este sitio web pertenecen al consorcio de BLUE PORTS y ReSEL TUC. La reproducci\u00f3n, adaptaci\u00f3n y\/o distribuci\u00f3n del contenido (gr\u00e1ficos y textos) o parte del contenido est\u00e1 permitida para uso personal o educativo, siempre que no sea con fines comerciales, con la aprobaci\u00f3n de los autores y siempre que se reconozca la fuente y no se distorsione el significado o mensaje original del contenido. Las mencionadas autorizaciones no se aplican al contenido proporcionado por terceros. Por lo tanto, para documentos donde los derechos de autor pertenecen a terceros, se debe obtener el permiso del titular de los derechos de autor para su reproducci\u00f3n.<\/p>\n<p><!-- \/wp:post-content --><\/p>\n<\/div>\n<\/div>\n<\/div>\n<\/div>\n<\/div>\n<\/div>\n<\/div>\n<!-- \/wp:freeform -->","protected":false},"excerpt":{"rendered":"","protected":false},"author":15,"featured_media":0,"parent":0,"menu_order":0,"comment_status":"closed","ping_status":"closed","template":"","meta":{"_acf_changed":false,"inline_featured_image":false,"footnotes":""},"class_list":["post-5115","page","type-page","status-publish","hentry"],"acf":[],"yoast_head":"<!-- This site is optimized with the Yoast SEO plugin v27.6 - https:\/\/yoast.com\/product\/yoast-seo-wordpress\/ -->\n<title>T\u00e9rminos de uso - BLUE PORTS<\/title>\n<meta name=\"robots\" content=\"index, follow, max-snippet:-1, max-image-preview:large, max-video-preview:-1\" \/>\n<link rel=\"canonical\" href=\"https:\/\/www.blue-ports.eu\/es\/terms-of-use\/\" \/>\n<meta property=\"og:locale\" content=\"es_ES\" \/>\n<meta property=\"og:type\" content=\"article\" \/>\n<meta property=\"og:title\" content=\"T\u00e9rminos de uso - BLUE PORTS\" \/>\n<meta property=\"og:url\" content=\"https:\/\/www.blue-ports.eu\/es\/terms-of-use\/\" \/>\n<meta property=\"og:site_name\" content=\"BLUE PORTS\" \/>\n<meta property=\"article:modified_time\" content=\"2024-09-17T14:01:30+00:00\" \/>\n<meta name=\"twitter:card\" content=\"summary_large_image\" \/>\n<meta name=\"twitter:label1\" content=\"Tiempo de lectura\" \/>\n\t<meta name=\"twitter:data1\" content=\"2 minutos\" \/>\n<script type=\"application\/ld+json\" class=\"yoast-schema-graph\">{\"@context\":\"https:\\\/\\\/schema.org\",\"@graph\":[{\"@type\":\"WebPage\",\"@id\":\"https:\\\/\\\/www.blue-ports.eu\\\/es\\\/terms-of-use\\\/\",\"url\":\"https:\\\/\\\/www.blue-ports.eu\\\/es\\\/terms-of-use\\\/\",\"name\":\"T\u00e9rminos de uso - BLUE PORTS\",\"isPartOf\":{\"@id\":\"https:\\\/\\\/www.blue-ports.eu\\\/#website\"},\"datePublished\":\"2024-05-02T09:27:05+00:00\",\"dateModified\":\"2024-09-17T14:01:30+00:00\",\"breadcrumb\":{\"@id\":\"https:\\\/\\\/www.blue-ports.eu\\\/es\\\/terms-of-use\\\/#breadcrumb\"},\"inLanguage\":\"es\",\"potentialAction\":[{\"@type\":\"ReadAction\",\"target\":[\"https:\\\/\\\/www.blue-ports.eu\\\/es\\\/terms-of-use\\\/\"]}]},{\"@type\":\"BreadcrumbList\",\"@id\":\"https:\\\/\\\/www.blue-ports.eu\\\/es\\\/terms-of-use\\\/#breadcrumb\",\"itemListElement\":[{\"@type\":\"ListItem\",\"position\":1,\"name\":\"Home\",\"item\":\"https:\\\/\\\/www.blue-ports.eu\\\/es\\\/\"},{\"@type\":\"ListItem\",\"position\":2,\"name\":\"T\u00e9rminos de uso\"}]},{\"@type\":\"WebSite\",\"@id\":\"https:\\\/\\\/www.blue-ports.eu\\\/#website\",\"url\":\"https:\\\/\\\/www.blue-ports.eu\\\/\",\"name\":\"BLUE PORTS\",\"description\":\"\",\"publisher\":{\"@id\":\"https:\\\/\\\/www.blue-ports.eu\\\/#organization\"},\"potentialAction\":[{\"@type\":\"SearchAction\",\"target\":{\"@type\":\"EntryPoint\",\"urlTemplate\":\"https:\\\/\\\/www.blue-ports.eu\\\/?s={search_term_string}\"},\"query-input\":{\"@type\":\"PropertyValueSpecification\",\"valueRequired\":true,\"valueName\":\"search_term_string\"}}],\"inLanguage\":\"es\"},{\"@type\":\"Organization\",\"@id\":\"https:\\\/\\\/www.blue-ports.eu\\\/#organization\",\"name\":\"BLUE PORTS\",\"url\":\"https:\\\/\\\/www.blue-ports.eu\\\/\",\"logo\":{\"@type\":\"ImageObject\",\"inLanguage\":\"es\",\"@id\":\"https:\\\/\\\/www.blue-ports.eu\\\/#\\\/schema\\\/logo\\\/image\\\/\",\"url\":\"https:\\\/\\\/www.blue-ports.eu\\\/wp-content\\\/uploads\\\/2024\\\/04\\\/BLUE-PORTS_LOGO_keppel-white-background.png\",\"contentUrl\":\"https:\\\/\\\/www.blue-ports.eu\\\/wp-content\\\/uploads\\\/2024\\\/04\\\/BLUE-PORTS_LOGO_keppel-white-background.png\",\"width\":2000,\"height\":2000,\"caption\":\"BLUE PORTS\"},\"image\":{\"@id\":\"https:\\\/\\\/www.blue-ports.eu\\\/#\\\/schema\\\/logo\\\/image\\\/\"}}]}<\/script>\n<!-- \/ Yoast SEO plugin. -->","yoast_head_json":{"title":"T\u00e9rminos de uso - BLUE PORTS","robots":{"index":"index","follow":"follow","max-snippet":"max-snippet:-1","max-image-preview":"max-image-preview:large","max-video-preview":"max-video-preview:-1"},"canonical":"https:\/\/www.blue-ports.eu\/es\/terms-of-use\/","og_locale":"es_ES","og_type":"article","og_title":"T\u00e9rminos de uso - BLUE PORTS","og_url":"https:\/\/www.blue-ports.eu\/es\/terms-of-use\/","og_site_name":"BLUE PORTS","article_modified_time":"2024-09-17T14:01:30+00:00","twitter_card":"summary_large_image","twitter_misc":{"Tiempo de lectura":"2 minutos"},"schema":{"@context":"https:\/\/schema.org","@graph":[{"@type":"WebPage","@id":"https:\/\/www.blue-ports.eu\/es\/terms-of-use\/","url":"https:\/\/www.blue-ports.eu\/es\/terms-of-use\/","name":"T\u00e9rminos de uso - BLUE PORTS","isPartOf":{"@id":"https:\/\/www.blue-ports.eu\/#website"},"datePublished":"2024-05-02T09:27:05+00:00","dateModified":"2024-09-17T14:01:30+00:00","breadcrumb":{"@id":"https:\/\/www.blue-ports.eu\/es\/terms-of-use\/#breadcrumb"},"inLanguage":"es","potentialAction":[{"@type":"ReadAction","target":["https:\/\/www.blue-ports.eu\/es\/terms-of-use\/"]}]},{"@type":"BreadcrumbList","@id":"https:\/\/www.blue-ports.eu\/es\/terms-of-use\/#breadcrumb","itemListElement":[{"@type":"ListItem","position":1,"name":"Home","item":"https:\/\/www.blue-ports.eu\/es\/"},{"@type":"ListItem","position":2,"name":"T\u00e9rminos de uso"}]},{"@type":"WebSite","@id":"https:\/\/www.blue-ports.eu\/#website","url":"https:\/\/www.blue-ports.eu\/","name":"BLUE PORTS","description":"","publisher":{"@id":"https:\/\/www.blue-ports.eu\/#organization"},"potentialAction":[{"@type":"SearchAction","target":{"@type":"EntryPoint","urlTemplate":"https:\/\/www.blue-ports.eu\/?s={search_term_string}"},"query-input":{"@type":"PropertyValueSpecification","valueRequired":true,"valueName":"search_term_string"}}],"inLanguage":"es"},{"@type":"Organization","@id":"https:\/\/www.blue-ports.eu\/#organization","name":"BLUE PORTS","url":"https:\/\/www.blue-ports.eu\/","logo":{"@type":"ImageObject","inLanguage":"es","@id":"https:\/\/www.blue-ports.eu\/#\/schema\/logo\/image\/","url":"https:\/\/www.blue-ports.eu\/wp-content\/uploads\/2024\/04\/BLUE-PORTS_LOGO_keppel-white-background.png","contentUrl":"https:\/\/www.blue-ports.eu\/wp-content\/uploads\/2024\/04\/BLUE-PORTS_LOGO_keppel-white-background.png","width":2000,"height":2000,"caption":"BLUE PORTS"},"image":{"@id":"https:\/\/www.blue-ports.eu\/#\/schema\/logo\/image\/"}}]}},"_links":{"self":[{"href":"https:\/\/www.blue-ports.eu\/es\/wp-json\/wp\/v2\/pages\/5115","targetHints":{"allow":["GET"]}}],"collection":[{"href":"https:\/\/www.blue-ports.eu\/es\/wp-json\/wp\/v2\/pages"}],"about":[{"href":"https:\/\/www.blue-ports.eu\/es\/wp-json\/wp\/v2\/types\/page"}],"author":[{"embeddable":true,"href":"https:\/\/www.blue-ports.eu\/es\/wp-json\/wp\/v2\/users\/15"}],"replies":[{"embeddable":true,"href":"https:\/\/www.blue-ports.eu\/es\/wp-json\/wp\/v2\/comments?post=5115"}],"version-history":[{"count":5,"href":"https:\/\/www.blue-ports.eu\/es\/wp-json\/wp\/v2\/pages\/5115\/revisions"}],"predecessor-version":[{"id":5376,"href":"https:\/\/www.blue-ports.eu\/es\/wp-json\/wp\/v2\/pages\/5115\/revisions\/5376"}],"wp:attachment":[{"href":"https:\/\/www.blue-ports.eu\/es\/wp-json\/wp\/v2\/media?parent=5115"}],"curies":[{"name":"wp","href":"https:\/\/api.w.org\/{rel}","templated":true}]}}